{"id":23,"date":"2020-08-29T23:34:57","date_gmt":"2020-08-29T23:34:57","guid":{"rendered":"http:\/\/praxis-tiefenbach.de\/wordpress\/?page_id=23"},"modified":"2021-04-12T19:46:27","modified_gmt":"2021-04-12T18:46:27","slug":"impressum","status":"publish","type":"page","link":"https:\/\/praxis-tiefenbach.de\/?page_id=23","title":{"rendered":"Impressum"},"content":{"rendered":"\n<p><strong>Dr. med. Birgitt Weinhold<\/strong><br>Hauptstra\u00dfe 14<br>93464 Tiefenbach<\/p>\n\n\n\n<p>Telefon:\u00a009673 91133<br>E-Mail:\u00a0weinhold@praxis-doktor-weinhold.de<\/p>\n\n\n\n<p>Gesetzliche Berufsbezeichnung: Arzt\/\u00c4rztin<br>Berufsbezeichnung verliehen in der Bundesrepublik Deutschland<\/p>\n\n\n\n<h2 class=\"wp-block-heading\">Zust\u00e4ndige \u00c4rztekammer<\/h2>\n\n\n\n<p>Bayerische Landes\u00e4rztekammer<br>M\u00fchlbaurstra\u00dfe 16<br>81677 M\u00fcnchen<br>Telefon: (089) 4147-0<br>Fax: (089) 4147-280 blaek@blaek.de<br><a href=\"https:\/\/web.archive.org\/web\/20180828163713\/http:\/\/praxis-doktor-weinhold.de\/www.kvb.de\">Kassen\u00e4rztliche Vereinigung Bayern<\/a><\/p>\n\n\n\n<h2 class=\"wp-block-heading\">Berufsordnung<\/h2>\n\n\n\n<p>Die berufsrechtlichen Regelungen sind \u00fcber die Internetseiten der&nbsp;<a href=\"https:\/\/web.archive.org\/web\/20180828163713\/http:\/\/www.blaek.de\/\">Bayerischen Landes\u00e4rztekammer<\/a>&nbsp;zug\u00e4nglich.<\/p>\n","protected":false},"excerpt":{"rendered":"<p>Dr. med. Birgitt WeinholdHauptstra\u00dfe 1493464 Tiefenbach Telefon:\u00a009673 91133E-Mail:\u00a0weinhold@praxis-doktor-weinhold.de Gesetzliche Berufsbezeichnung: Arzt\/\u00c4rztinBerufsbezeichnung verliehen in der Bundesrepublik Deutschland Zust\u00e4ndige \u00c4rztekammer Bayerische Landes\u00e4rztekammerM\u00fchlbaurstra\u00dfe 1681677 M\u00fcnchenTelefon: (089) 4147-0Fax: (089) 4147-280 blaek@blaek.deKassen\u00e4rztliche Vereinigung Bayern Berufsordnung Die berufsrechtlichen Regelungen sind \u00fcber die Internetseiten der&nbsp;Bayerischen Landes\u00e4rztekammer&nbsp;zug\u00e4nglich.<\/p>\n","protected":false},"author":1,"featured_media":0,"parent":0,"menu_order":0,"comment_status":"closed","ping_status":"closed","template":"","meta":{"footnotes":""},"class_list":["post-23","page","type-page","status-publish","hentry"],"_links":{"self":[{"href":"https:\/\/praxis-tiefenbach.de\/index.php?rest_route=\/wp\/v2\/pages\/23","targetHints":{"allow":["GET"]}}],"collection":[{"href":"https:\/\/praxis-tiefenbach.de\/index.php?rest_route=\/wp\/v2\/pages"}],"about":[{"href":"https:\/\/praxis-tiefenbach.de\/index.php?rest_route=\/wp\/v2\/types\/page"}],"author":[{"embeddable":true,"href":"https:\/\/praxis-tiefenbach.de\/index.php?rest_route=\/wp\/v2\/users\/1"}],"replies":[{"embeddable":true,"href":"https:\/\/praxis-tiefenbach.de\/index.php?rest_route=%2Fwp%2Fv2%2Fcomments&post=23"}],"version-history":[{"count":4,"href":"https:\/\/praxis-tiefenbach.de\/index.php?rest_route=\/wp\/v2\/pages\/23\/revisions"}],"predecessor-version":[{"id":102,"href":"https:\/\/praxis-tiefenbach.de\/index.php?rest_route=\/wp\/v2\/pages\/23\/revisions\/102"}],"wp:attachment":[{"href":"https:\/\/praxis-tiefenbach.de\/index.php?rest_route=%2Fwp%2Fv2%2Fmedia&parent=23"}],"curies":[{"name":"wp","href":"https:\/\/api.w.org\/{rel}","templated":true}]}}